{"id":131,"date":"2023-08-14T21:37:42","date_gmt":"2023-08-14T19:37:42","guid":{"rendered":"https:\/\/lesclichesdegermain.com\/?page_id=131"},"modified":"2024-03-10T17:07:33","modified_gmt":"2024-03-10T16:07:33","slug":"mariage","status":"publish","type":"page","link":"https:\/\/lesclichesdegermain.com\/index.php\/portofolio\/mariage\/","title":{"rendered":"Mariage"},"content":{"rendered":"\n<div class=\"wp-block-cover is-light has-parallax\" style=\"min-height:700px;aspect-ratio:unset;\"><span aria-hidden=\"true\" class=\"wp-block-cover__background has-background-dim\"><\/span><div role=\"img\" class=\"wp-block-cover__image-background wp-image-297 has-parallax\" style=\"background-position:50% 50%;background-image:url(https:\/\/lesclichesdegermain.com\/wp-content\/uploads\/2024\/03\/DSC_5253-1-scaled.jpg)\"><\/div><div class=\"wp-block-cover__inner-container is-layout-constrained wp-block-cover-is-layout-constrained\">\n<p class=\"has-text-align-center has-nv-light-bg-color has-text-color has-link-color has-large-font-size wp-elements-3d820859ca84c6179046bdec04cc65cc\">Mariage<\/p>\n<\/div><\/div>\n\n\n\n<div style=\"height:38px\" aria-hidden=\"true\" class=\"wp-block-spacer\"><\/div>\n\n\n\n<div class=\"wp-block-columns is-layout-flex wp-container-core-columns-is-layout-1 wp-block-columns-is-layout-flex\">\n<div class=\"wp-block-column is-layout-flow wp-block-column-is-layout-flow\">\n<figure class=\"wp-block-image size-large\"><img loading=\"lazy\" decoding=\"async\" width=\"1024\" height=\"681\" src=\"http:\/\/lesclichesdegermain.com\/wp-content\/uploads\/2024\/03\/DSC_5074-1024x681.jpg\" alt=\"\" class=\"wp-image-281\" srcset=\"https:\/\/lesclichesdegermain.com\/wp-content\/uploads\/2024\/03\/DSC_5074-1024x681.jpg 1024w, https:\/\/lesclichesdegermain.com\/wp-content\/uploads\/2024\/03\/DSC_5074-300x200.jpg 300w, https:\/\/lesclichesdegermain.com\/wp-content\/uploads\/2024\/03\/DSC_5074-768x511.jpg 768w\" sizes=\"(max-width: 1024px) 100vw, 1024px\" \/><\/figure>\n\n\n\n<h3 class=\"wp-block-heading\">Laury et Nicola<\/h3>\n\n\n\n<div class=\"wp-block-buttons is-layout-flex wp-block-buttons-is-layout-flex\">\n<div class=\"wp-block-button is-style-primary\"><a class=\"wp-block-button__link wp-element-button\" href=\"https:\/\/lesclichesdegermain.com\/index.php\/portofolio\/laury-et-nicola\/\">D\u00e9couvrir&#8230;<\/a><\/div>\n<\/div>\n\n\n\n<div style=\"height:30px\" aria-hidden=\"true\" class=\"wp-block-spacer\"><\/div>\n<\/div>\n\n\n\n<div class=\"wp-block-column is-layout-flow wp-block-column-is-layout-flow\">\n<figure class=\"wp-block-image size-large\"><img loading=\"lazy\" decoding=\"async\" width=\"1024\" height=\"681\" src=\"http:\/\/lesclichesdegermain.com\/wp-content\/uploads\/2024\/03\/DSC_6321-4-1024x681.jpg\" alt=\"\" class=\"wp-image-334\" srcset=\"https:\/\/lesclichesdegermain.com\/wp-content\/uploads\/2024\/03\/DSC_6321-4-1024x681.jpg 1024w, https:\/\/lesclichesdegermain.com\/wp-content\/uploads\/2024\/03\/DSC_6321-4-300x200.jpg 300w, https:\/\/lesclichesdegermain.com\/wp-content\/uploads\/2024\/03\/DSC_6321-4-768x511.jpg 768w, https:\/\/lesclichesdegermain.com\/wp-content\/uploads\/2024\/03\/DSC_6321-4-1536x1022.jpg 1536w, https:\/\/lesclichesdegermain.com\/wp-content\/uploads\/2024\/03\/DSC_6321-4-2048x1363.jpg 2048w\" sizes=\"(max-width: 1024px) 100vw, 1024px\" \/><\/figure>\n\n\n\n<h3 class=\"wp-block-heading\">Emma et Aymeric<\/h3>\n\n\n\n<div class=\"wp-block-buttons is-layout-flex wp-block-buttons-is-layout-flex\">\n<div class=\"wp-block-button is-style-primary\"><a class=\"wp-block-button__link wp-element-button\" href=\"https:\/\/lesclichesdegermain.com\/index.php\/portofolio\/emma-et-aymeric\/\">D\u00e9couvrir&#8230;<\/a><\/div>\n<\/div>\n\n\n\n<div style=\"height:30px\" aria-hidden=\"true\" class=\"wp-block-spacer\"><\/div>\n<\/div>\n\n\n\n<div class=\"wp-block-column is-layout-flow wp-block-column-is-layout-flow\">\n<figure class=\"wp-block-image size-large\"><img loading=\"lazy\" decoding=\"async\" width=\"1024\" height=\"681\" src=\"http:\/\/lesclichesdegermain.com\/wp-content\/uploads\/2024\/03\/DSC_7670-3-1024x681.jpg\" alt=\"\" class=\"wp-image-359\" srcset=\"https:\/\/lesclichesdegermain.com\/wp-content\/uploads\/2024\/03\/DSC_7670-3-1024x681.jpg 1024w, https:\/\/lesclichesdegermain.com\/wp-content\/uploads\/2024\/03\/DSC_7670-3-300x200.jpg 300w, https:\/\/lesclichesdegermain.com\/wp-content\/uploads\/2024\/03\/DSC_7670-3-768x511.jpg 768w, https:\/\/lesclichesdegermain.com\/wp-content\/uploads\/2024\/03\/DSC_7670-3-1536x1022.jpg 1536w, https:\/\/lesclichesdegermain.com\/wp-content\/uploads\/2024\/03\/DSC_7670-3-2048x1363.jpg 2048w\" sizes=\"(max-width: 1024px) 100vw, 1024px\" \/><\/figure>\n\n\n\n<h3 class=\"wp-block-heading\">Maud et J\u00e9r\u00e9mie<\/h3>\n\n\n\n<div class=\"wp-block-buttons is-layout-flex wp-block-buttons-is-layout-flex\">\n<div class=\"wp-block-button is-style-primary\"><a class=\"wp-block-button__link wp-element-button\" href=\"https:\/\/lesclichesdegermain.com\/index.php\/portofolio\/maud-et-jeremie\/\">D\u00e9couvrir&#8230;<\/a><\/div>\n<\/div>\n\n\n\n<div style=\"height:30px\" aria-hidden=\"true\" class=\"wp-block-spacer\"><\/div>\n<\/div>\n<\/div>\n\n\n\n<div class=\"wp-block-columns is-layout-flex wp-container-core-columns-is-layout-2 wp-block-columns-is-layout-flex\">\n<div class=\"wp-block-column is-layout-flow wp-block-column-is-layout-flow\">\n<figure class=\"wp-block-image size-large\"><img loading=\"lazy\" decoding=\"async\" width=\"1024\" height=\"683\" src=\"http:\/\/lesclichesdegermain.com\/wp-content\/uploads\/2024\/03\/DSC_7184-2-1024x683.jpg\" alt=\"\" class=\"wp-image-345\" srcset=\"https:\/\/lesclichesdegermain.com\/wp-content\/uploads\/2024\/03\/DSC_7184-2-1024x683.jpg 1024w, https:\/\/lesclichesdegermain.com\/wp-content\/uploads\/2024\/03\/DSC_7184-2-300x200.jpg 300w, https:\/\/lesclichesdegermain.com\/wp-content\/uploads\/2024\/03\/DSC_7184-2-768x513.jpg 768w, https:\/\/lesclichesdegermain.com\/wp-content\/uploads\/2024\/03\/DSC_7184-2-1536x1025.jpg 1536w, https:\/\/lesclichesdegermain.com\/wp-content\/uploads\/2024\/03\/DSC_7184-2-2048x1367.jpg 2048w, https:\/\/lesclichesdegermain.com\/wp-content\/uploads\/2024\/03\/DSC_7184-2-930x620.jpg 930w\" sizes=\"(max-width: 1024px) 100vw, 1024px\" \/><\/figure>\n\n\n\n<h3 class=\"wp-block-heading\">M\u00e9lissa et Vincent<\/h3>\n\n\n\n<div class=\"wp-block-buttons is-layout-flex wp-block-buttons-is-layout-flex\">\n<div class=\"wp-block-button is-style-primary\"><a class=\"wp-block-button__link wp-element-button\" href=\"https:\/\/lesclichesdegermain.com\/index.php\/portofolio\/melissa-et-vincent\/\">D\u00e9couvrir&#8230;<\/a><\/div>\n<\/div>\n\n\n\n<div style=\"height:30px\" aria-hidden=\"true\" class=\"wp-block-spacer\"><\/div>\n<\/div>\n\n\n\n<div class=\"wp-block-column is-layout-flow wp-block-column-is-layout-flow\">\n<figure class=\"wp-block-image size-large\"><img loading=\"lazy\" decoding=\"async\" width=\"1024\" height=\"683\" src=\"https:\/\/lesclichesdegermain.com\/wp-content\/uploads\/2024\/03\/Copie-de-Tarif-mariages-2023-1024x683.jpg\" alt=\"\" class=\"wp-image-418\" srcset=\"https:\/\/lesclichesdegermain.com\/wp-content\/uploads\/2024\/03\/Copie-de-Tarif-mariages-2023-1024x683.jpg 1024w, https:\/\/lesclichesdegermain.com\/wp-content\/uploads\/2024\/03\/Copie-de-Tarif-mariages-2023-300x200.jpg 300w, https:\/\/lesclichesdegermain.com\/wp-content\/uploads\/2024\/03\/Copie-de-Tarif-mariages-2023-768x512.jpg 768w, https:\/\/lesclichesdegermain.com\/wp-content\/uploads\/2024\/03\/Copie-de-Tarif-mariages-2023-1536x1024.jpg 1536w, https:\/\/lesclichesdegermain.com\/wp-content\/uploads\/2024\/03\/Copie-de-Tarif-mariages-2023-930x620.jpg 930w, https:\/\/lesclichesdegermain.com\/wp-content\/uploads\/2024\/03\/Copie-de-Tarif-mariages-2023.jpg 1800w\" sizes=\"(max-width: 1024px) 100vw, 1024px\" \/><\/figure>\n\n\n\n<h3 class=\"wp-block-heading\">Prochain mariage\u00a0: le 11 mai 2024<\/h3>\n\n\n\n<div class=\"wp-block-buttons is-layout-flex wp-block-buttons-is-layout-flex\">\n<div class=\"wp-block-button is-style-primary\"><a class=\"wp-block-button__link wp-element-button\">D\u00e9couvrir&#8230;<\/a><\/div>\n<\/div>\n\n\n\n<div style=\"height:30px\" aria-hidden=\"true\" class=\"wp-block-spacer\"><\/div>\n<\/div>\n\n\n\n<div class=\"wp-block-column is-layout-flow wp-block-column-is-layout-flow\">\n<figure class=\"wp-block-image size-large\"><img loading=\"lazy\" decoding=\"async\" width=\"1024\" height=\"683\" src=\"https:\/\/lesclichesdegermain.com\/wp-content\/uploads\/2024\/03\/Copie-de-Tarif-mariages-2023-1-1024x683.jpg\" alt=\"\" class=\"wp-image-420\" srcset=\"https:\/\/lesclichesdegermain.com\/wp-content\/uploads\/2024\/03\/Copie-de-Tarif-mariages-2023-1-1024x683.jpg 1024w, https:\/\/lesclichesdegermain.com\/wp-content\/uploads\/2024\/03\/Copie-de-Tarif-mariages-2023-1-300x200.jpg 300w, https:\/\/lesclichesdegermain.com\/wp-content\/uploads\/2024\/03\/Copie-de-Tarif-mariages-2023-1-768x512.jpg 768w, https:\/\/lesclichesdegermain.com\/wp-content\/uploads\/2024\/03\/Copie-de-Tarif-mariages-2023-1-1536x1024.jpg 1536w, https:\/\/lesclichesdegermain.com\/wp-content\/uploads\/2024\/03\/Copie-de-Tarif-mariages-2023-1-930x620.jpg 930w, https:\/\/lesclichesdegermain.com\/wp-content\/uploads\/2024\/03\/Copie-de-Tarif-mariages-2023-1.jpg 1800w\" sizes=\"(max-width: 1024px) 100vw, 1024px\" \/><\/figure>\n\n\n\n<h3 class=\"wp-block-heading\">Prochain mariage\u00a0: <\/h3>\n\n\n\n<div class=\"wp-block-buttons is-layout-flex wp-block-buttons-is-layout-flex\">\n<div class=\"wp-block-button is-style-primary\"><a class=\"wp-block-button__link wp-element-button\">D\u00e9couvrir&#8230;<\/a><\/div>\n<\/div>\n\n\n\n<div style=\"height:30px\" aria-hidden=\"true\" class=\"wp-block-spacer\"><\/div>\n<\/div>\n<\/div>\n","protected":false},"excerpt":{"rendered":"<p>Laury et Nicola Emma et Aymeric Maud et J\u00e9r\u00e9mie M\u00e9lissa et Vincent Prochain mariage\u00a0: le 11 mai 2024 Prochain mariage\u00a0:<\/p>\n","protected":false},"author":1,"featured_media":0,"parent":9,"menu_order":0,"comment_status":"closed","ping_status":"closed","template":"","meta":{"neve_meta_sidebar":"","neve_meta_container":"full-width","neve_meta_enable_content_width":"","neve_meta_content_width":0,"neve_meta_title_alignment":"","neve_meta_author_avatar":"","neve_post_elements_order":"","neve_meta_disable_header":"","neve_meta_disable_footer":"","neve_meta_disable_title":"on","footnotes":""},"class_list":["post-131","page","type-page","status-publish","hentry"],"_links":{"self":[{"href":"https:\/\/lesclichesdegermain.com\/index.php\/wp-json\/wp\/v2\/pages\/131"}],"collection":[{"href":"https:\/\/lesclichesdegermain.com\/index.php\/wp-json\/wp\/v2\/pages"}],"about":[{"href":"https:\/\/lesclichesdegermain.com\/index.php\/wp-json\/wp\/v2\/types\/page"}],"author":[{"embeddable":true,"href":"https:\/\/lesclichesdegermain.com\/index.php\/wp-json\/wp\/v2\/users\/1"}],"replies":[{"embeddable":true,"href":"https:\/\/lesclichesdegermain.com\/index.php\/wp-json\/wp\/v2\/comments?post=131"}],"version-history":[{"count":14,"href":"https:\/\/lesclichesdegermain.com\/index.php\/wp-json\/wp\/v2\/pages\/131\/revisions"}],"predecessor-version":[{"id":421,"href":"https:\/\/lesclichesdegermain.com\/index.php\/wp-json\/wp\/v2\/pages\/131\/revisions\/421"}],"up":[{"embeddable":true,"href":"https:\/\/lesclichesdegermain.com\/index.php\/wp-json\/wp\/v2\/pages\/9"}],"wp:attachment":[{"href":"https:\/\/lesclichesdegermain.com\/index.php\/wp-json\/wp\/v2\/media?parent=131"}],"curies":[{"name":"wp","href":"https:\/\/api.w.org\/{rel}","templated":true}]}}