{"id":135,"date":"2023-08-14T21:40:38","date_gmt":"2023-08-14T19:40:38","guid":{"rendered":"https:\/\/lesclichesdegermain.com\/?page_id=135"},"modified":"2024-03-10T17:20:12","modified_gmt":"2024-03-10T16:20:12","slug":"mariage","status":"publish","type":"page","link":"https:\/\/lesclichesdegermain.com\/index.php\/prestation\/mariage\/","title":{"rendered":"Mariage"},"content":{"rendered":"\n<div class=\"wp-block-cover is-light has-parallax\" style=\"min-height:700px;aspect-ratio:unset;\"><span aria-hidden=\"true\" class=\"wp-block-cover__background has-background-dim\"><\/span><div role=\"img\" class=\"wp-block-cover__image-background wp-image-136 has-parallax\" style=\"background-position:50% 50%;background-image:url(https:\/\/lesclichesdegermain.com\/wp-content\/uploads\/2023\/08\/IMG_0029-3-scaled.jpg)\"><\/div><div class=\"wp-block-cover__inner-container is-layout-constrained wp-block-cover-is-layout-constrained\">\n<p class=\"has-text-align-center has-nv-site-bg-color has-text-color\" style=\"font-size:100px\">Mariage<\/p>\n<\/div><\/div>\n\n\n\n<div style=\"height:30px\" aria-hidden=\"true\" class=\"wp-block-spacer\"><\/div>\n\n\n\n<div class=\"wp-block-columns alignfull is-layout-flex wp-container-core-columns-is-layout-2 wp-block-columns-is-layout-flex\">\n<div class=\"wp-block-column is-layout-flow wp-block-column-is-layout-flow\" style=\"flex-basis:50%\">\n<div class=\"wp-block-cover is-light\" style=\"min-height:600px;aspect-ratio:unset;\"><span aria-hidden=\"true\" class=\"wp-block-cover__background has-background-dim-100 has-background-dim\" style=\"background-color:#f6f6f6\"><\/span><div class=\"wp-block-cover__inner-container is-layout-flow wp-block-cover-is-layout-flow\"><div class=\"wp-block-image\">\n<figure class=\"aligncenter size-large\"><img loading=\"lazy\" decoding=\"async\" width=\"1024\" height=\"681\" src=\"https:\/\/lesclichesdegermain.com\/wp-content\/uploads\/2024\/03\/DSC_6274-1024x681.jpg\" alt=\"\" class=\"wp-image-280\" srcset=\"https:\/\/lesclichesdegermain.com\/wp-content\/uploads\/2024\/03\/DSC_6274-1024x681.jpg 1024w, https:\/\/lesclichesdegermain.com\/wp-content\/uploads\/2024\/03\/DSC_6274-300x200.jpg 300w, https:\/\/lesclichesdegermain.com\/wp-content\/uploads\/2024\/03\/DSC_6274-768x511.jpg 768w, https:\/\/lesclichesdegermain.com\/wp-content\/uploads\/2024\/03\/DSC_6274-1536x1022.jpg 1536w, https:\/\/lesclichesdegermain.com\/wp-content\/uploads\/2024\/03\/DSC_6274-2048x1363.jpg 2048w\" sizes=\"(max-width: 1024px) 100vw, 1024px\" \/><\/figure><\/div><\/div><\/div>\n<\/div>\n\n\n\n<div class=\"wp-block-column is-vertically-aligned-center is-layout-flow wp-block-column-is-layout-flow\" style=\"padding-top:1em;padding-right:1em;padding-bottom:1em;padding-left:1em\">\n<div class=\"wp-block-columns is-layout-flex wp-container-core-columns-is-layout-1 wp-block-columns-is-layout-flex\">\n<div class=\"wp-block-column is-layout-flow wp-block-column-is-layout-flow\" style=\"flex-basis:320px\">\n<p class=\"has-medium-font-size\" style=\"line-height:1.6\"><strong><strong><em>Formule Engagement<\/em><\/strong><\/strong><\/p>\n\n\n\n<p>C\u00e9r\u00e9monie civile<\/p>\n\n\n\n<p>Portrait des mari\u00e9s, Photos de famille, t\u00e9moins<\/p>\n\n\n\n<p><strong>500\u20ac<\/strong><\/p>\n<\/div>\n<\/div>\n<\/div>\n<\/div>\n\n\n\n<div style=\"height:30px\" aria-hidden=\"true\" class=\"wp-block-spacer\"><\/div>\n\n\n\n<div class=\"wp-block-columns alignfull is-layout-flex wp-container-core-columns-is-layout-4 wp-block-columns-is-layout-flex\">\n<div class=\"wp-block-column is-layout-flow wp-block-column-is-layout-flow\" style=\"flex-basis:50%\">\n<div class=\"wp-block-cover is-light\" style=\"min-height:600px;aspect-ratio:unset;\"><span aria-hidden=\"true\" class=\"wp-block-cover__background has-background-dim-100 has-background-dim\" style=\"background-color:#f6f6f6\"><\/span><div class=\"wp-block-cover__inner-container is-layout-flow wp-block-cover-is-layout-flow\"><div class=\"wp-block-image\">\n<figure class=\"aligncenter size-large\"><img loading=\"lazy\" decoding=\"async\" width=\"1024\" height=\"683\" src=\"https:\/\/lesclichesdegermain.com\/wp-content\/uploads\/2024\/03\/DSC_7184-1024x683.jpg\" alt=\"\" class=\"wp-image-283\" srcset=\"https:\/\/lesclichesdegermain.com\/wp-content\/uploads\/2024\/03\/DSC_7184-1024x683.jpg 1024w, https:\/\/lesclichesdegermain.com\/wp-content\/uploads\/2024\/03\/DSC_7184-300x200.jpg 300w, https:\/\/lesclichesdegermain.com\/wp-content\/uploads\/2024\/03\/DSC_7184-768x513.jpg 768w, https:\/\/lesclichesdegermain.com\/wp-content\/uploads\/2024\/03\/DSC_7184-1536x1025.jpg 1536w, https:\/\/lesclichesdegermain.com\/wp-content\/uploads\/2024\/03\/DSC_7184-2048x1367.jpg 2048w, https:\/\/lesclichesdegermain.com\/wp-content\/uploads\/2024\/03\/DSC_7184-930x620.jpg 930w\" sizes=\"(max-width: 1024px) 100vw, 1024px\" \/><\/figure><\/div><\/div><\/div>\n<\/div>\n\n\n\n<div class=\"wp-block-column is-vertically-aligned-center is-layout-flow wp-block-column-is-layout-flow\" style=\"padding-top:1em;padding-right:1em;padding-bottom:1em;padding-left:1em\">\n<div class=\"wp-block-columns is-layout-flex wp-container-core-columns-is-layout-3 wp-block-columns-is-layout-flex\">\n<div class=\"wp-block-column is-layout-flow wp-block-column-is-layout-flow\" style=\"flex-basis:320px\">\n<p class=\"has-medium-font-size\" style=\"line-height:1.6\"><strong><strong><em><strong><em>Formule C\u00e9r\u00e9monie<\/em><\/strong><\/em><\/strong><\/strong><\/p>\n\n\n\n<p>C\u00e9r\u00e9monie civile, religieuse, la\u00efque<\/p>\n\n\n\n<p>Portrait des mari\u00e9s, Photos de famille, t\u00e9moins, groupes, vin d&#8217;honneur<br>+ Book de 20 photos<\/p>\n\n\n\n<p><strong>800\u20ac<\/strong><\/p>\n\n\n\n<p><\/p>\n<\/div>\n<\/div>\n<\/div>\n<\/div>\n\n\n\n<div style=\"height:31px\" aria-hidden=\"true\" class=\"wp-block-spacer\"><\/div>\n\n\n\n<div class=\"wp-block-columns alignfull is-layout-flex wp-container-core-columns-is-layout-6 wp-block-columns-is-layout-flex\">\n<div class=\"wp-block-column is-layout-flow wp-block-column-is-layout-flow\" style=\"flex-basis:50%\">\n<div class=\"wp-block-cover is-light\" style=\"min-height:600px;aspect-ratio:unset;\"><span aria-hidden=\"true\" class=\"wp-block-cover__background has-background-dim-100 has-background-dim\" style=\"background-color:#f6f6f6\"><\/span><div class=\"wp-block-cover__inner-container is-layout-flow wp-block-cover-is-layout-flow\"><div class=\"wp-block-image\">\n<figure class=\"aligncenter size-large\"><img loading=\"lazy\" decoding=\"async\" width=\"1024\" height=\"681\" src=\"https:\/\/lesclichesdegermain.com\/wp-content\/uploads\/2024\/03\/DSC_7670-1024x681.jpg\" alt=\"\" class=\"wp-image-282\" srcset=\"https:\/\/lesclichesdegermain.com\/wp-content\/uploads\/2024\/03\/DSC_7670-1024x681.jpg 1024w, https:\/\/lesclichesdegermain.com\/wp-content\/uploads\/2024\/03\/DSC_7670-300x200.jpg 300w, https:\/\/lesclichesdegermain.com\/wp-content\/uploads\/2024\/03\/DSC_7670-768x511.jpg 768w, https:\/\/lesclichesdegermain.com\/wp-content\/uploads\/2024\/03\/DSC_7670-1536x1022.jpg 1536w, https:\/\/lesclichesdegermain.com\/wp-content\/uploads\/2024\/03\/DSC_7670-2048x1363.jpg 2048w\" sizes=\"(max-width: 1024px) 100vw, 1024px\" \/><\/figure><\/div><\/div><\/div>\n<\/div>\n\n\n\n<div class=\"wp-block-column is-vertically-aligned-center is-layout-flow wp-block-column-is-layout-flow\" style=\"padding-top:1em;padding-right:1em;padding-bottom:1em;padding-left:1em\">\n<div class=\"wp-block-columns is-layout-flex wp-container-core-columns-is-layout-5 wp-block-columns-is-layout-flex\">\n<div class=\"wp-block-column is-layout-flow wp-block-column-is-layout-flow\" style=\"flex-basis:320px\">\n<p class=\"has-medium-font-size\" style=\"line-height:1.6\"><strong><strong><em><strong><em><strong><em>Formule Union<\/em><\/strong><\/em><\/strong><\/em><\/strong><\/strong><\/p>\n\n\n\n<p>C\u00e9r\u00e9monie civile, religieuse, la\u00efque<\/p>\n\n\n\n<p>Portrait des mari\u00e9s, Photos de famille, t\u00e9moins, groupes, vin d&#8217;honneur, g\u00e2teau, danse des Mari\u00e9s<br>+ Book de 25 photos<\/p>\n\n\n\n<p><strong>900\u20ac<\/strong><\/p>\n\n\n\n<p><\/p>\n<\/div>\n<\/div>\n<\/div>\n<\/div>\n\n\n\n<div style=\"height:31px\" aria-hidden=\"true\" class=\"wp-block-spacer\"><\/div>\n\n\n\n<div class=\"wp-block-columns alignfull is-layout-flex wp-container-core-columns-is-layout-8 wp-block-columns-is-layout-flex\">\n<div class=\"wp-block-column is-layout-flow wp-block-column-is-layout-flow\" style=\"flex-basis:50%\">\n<div class=\"wp-block-cover\" style=\"min-height:600px;aspect-ratio:unset;\"><span aria-hidden=\"true\" class=\"wp-block-cover__background has-background-dim-0 has-background-dim\" style=\"background-color:#f6f6f6\"><\/span><img loading=\"lazy\" decoding=\"async\" width=\"2560\" height=\"1704\" class=\"wp-block-cover__image-background wp-image-281\" alt=\"\" src=\"http:\/\/lesclichesdegermain.com\/wp-content\/uploads\/2024\/03\/DSC_5074-scaled.jpg\" data-object-fit=\"cover\" srcset=\"https:\/\/lesclichesdegermain.com\/wp-content\/uploads\/2024\/03\/DSC_5074-scaled.jpg 2560w, https:\/\/lesclichesdegermain.com\/wp-content\/uploads\/2024\/03\/DSC_5074-300x200.jpg 300w, https:\/\/lesclichesdegermain.com\/wp-content\/uploads\/2024\/03\/DSC_5074-1024x681.jpg 1024w, https:\/\/lesclichesdegermain.com\/wp-content\/uploads\/2024\/03\/DSC_5074-768x511.jpg 768w\" sizes=\"(max-width: 2560px) 100vw, 2560px\" \/><div class=\"wp-block-cover__inner-container is-layout-flow wp-block-cover-is-layout-flow\">\n<p class=\"has-text-align-center has-large-font-size\"><font _mstmutation=\"1\"><\/font><\/p>\n<\/div><\/div>\n<\/div>\n\n\n\n<div class=\"wp-block-column is-vertically-aligned-center is-layout-flow wp-block-column-is-layout-flow\" style=\"padding-top:1em;padding-right:1em;padding-bottom:1em;padding-left:1em\">\n<div class=\"wp-block-columns is-layout-flex wp-container-core-columns-is-layout-7 wp-block-columns-is-layout-flex\">\n<div class=\"wp-block-column is-layout-flow wp-block-column-is-layout-flow\" style=\"flex-basis:320px\">\n<p class=\"has-medium-font-size\" style=\"line-height:1.6\"><strong><strong><em><strong><em><strong><em><strong><em>Formule Alliance<\/em><\/strong><\/em><\/strong><\/em><\/strong><\/em><\/strong><\/strong><\/p>\n\n\n\n<p>Pr\u00e9paratifs des Mari\u00e9s, c\u00e9r\u00e9monie civile, religieuse, la\u00efque, portrait des mari\u00e9s,, photos de famille, t\u00e9moins, groupes, vin d&#8217;honneur, g\u00e2teau, danse des Mari\u00e9s<br>+ Book de 25 photos<br>+ 2 tirages au choix, format A4<\/p>\n\n\n\n<p><strong>1 100\u20ac<\/strong><\/p>\n\n\n\n<p><font _mstmutation=\"1\"><\/font><\/p>\n<\/div>\n<\/div>\n<\/div>\n<\/div>\n\n\n\n<div style=\"height:66px\" aria-hidden=\"true\" class=\"wp-block-spacer\"><\/div>\n\n\n\n<div class=\"wp-block-media-text has-media-on-the-right is-stacked-on-mobile\"><div class=\"wp-block-media-text__content\">\n<p class=\"has-medium-font-size\"><strong><em>S\u00e9ance faire part<\/em><\/strong><\/p>\n\n\n\n<p>S\u00e9ance photos de 2 heures<br>S\u00e9lection de 3 photos<br><br><strong>50\u20ac<\/strong><\/p>\n<\/div><figure class=\"wp-block-media-text__media\"><img loading=\"lazy\" decoding=\"async\" width=\"1024\" height=\"681\" src=\"http:\/\/lesclichesdegermain.com\/wp-content\/uploads\/2024\/03\/DSC_6949-1024x681.jpg\" alt=\"\" class=\"wp-image-287 size-full\" srcset=\"https:\/\/lesclichesdegermain.com\/wp-content\/uploads\/2024\/03\/DSC_6949-1024x681.jpg 1024w, https:\/\/lesclichesdegermain.com\/wp-content\/uploads\/2024\/03\/DSC_6949-300x200.jpg 300w, https:\/\/lesclichesdegermain.com\/wp-content\/uploads\/2024\/03\/DSC_6949-768x511.jpg 768w, https:\/\/lesclichesdegermain.com\/wp-content\/uploads\/2024\/03\/DSC_6949-1536x1022.jpg 1536w, https:\/\/lesclichesdegermain.com\/wp-content\/uploads\/2024\/03\/DSC_6949-2048x1363.jpg 2048w\" sizes=\"(max-width: 1024px) 100vw, 1024px\" \/><\/figure><\/div>\n\n\n\n<div style=\"height:31px\" aria-hidden=\"true\" class=\"wp-block-spacer\"><\/div>\n\n\n\n<div class=\"wp-block-media-text has-media-on-the-right is-stacked-on-mobile\"><div class=\"wp-block-media-text__content\">\n<p class=\"has-medium-font-size\"><strong><em>S\u00e9ance post-mariage<\/em><\/strong><\/p>\n\n\n\n<p>S\u00e9ance photos portrait de 4 heures <br>Personnalisation <br><br><strong>300\u20ac<\/strong><\/p>\n<\/div><figure class=\"wp-block-media-text__media\"><img loading=\"lazy\" decoding=\"async\" width=\"1022\" height=\"1024\" src=\"https:\/\/lesclichesdegermain.com\/wp-content\/uploads\/2024\/03\/Maud-Jeremy-2-1022x1024.jpg\" alt=\"\" class=\"wp-image-290 size-full\" srcset=\"https:\/\/lesclichesdegermain.com\/wp-content\/uploads\/2024\/03\/Maud-Jeremy-2-1022x1024.jpg 1022w, https:\/\/lesclichesdegermain.com\/wp-content\/uploads\/2024\/03\/Maud-Jeremy-2-300x300.jpg 300w, https:\/\/lesclichesdegermain.com\/wp-content\/uploads\/2024\/03\/Maud-Jeremy-2-150x150.jpg 150w, https:\/\/lesclichesdegermain.com\/wp-content\/uploads\/2024\/03\/Maud-Jeremy-2-768x770.jpg 768w, https:\/\/lesclichesdegermain.com\/wp-content\/uploads\/2024\/03\/Maud-Jeremy-2-1533x1536.jpg 1533w, https:\/\/lesclichesdegermain.com\/wp-content\/uploads\/2024\/03\/Maud-Jeremy-2-2044x2048.jpg 2044w\" sizes=\"(max-width: 1022px) 100vw, 1022px\" \/><\/figure><\/div>\n\n\n\n<div style=\"height:11px\" aria-hidden=\"true\" class=\"wp-block-spacer\"><\/div>\n","protected":false},"excerpt":{"rendered":"<p>Formule Engagement C\u00e9r\u00e9monie civile Portrait des mari\u00e9s, Photos de famille, t\u00e9moins 500\u20ac Formule C\u00e9r\u00e9monie C\u00e9r\u00e9monie civile, religieuse, la\u00efque Portrait des mari\u00e9s, Photos de famille, t\u00e9moins, groupes, vin d&#8217;honneur+ Book de 20 photos 800\u20ac Formule Union C\u00e9r\u00e9monie civile, religieuse, la\u00efque Portrait des mari\u00e9s, Photos de famille, t\u00e9moins, groupes, vin d&#8217;honneur, g\u00e2teau, danse des Mari\u00e9s+ Book de&hellip;&nbsp;<a href=\"https:\/\/lesclichesdegermain.com\/index.php\/prestation\/mariage\/\" class=\"\" rel=\"bookmark\">Read More &raquo;<span class=\"screen-reader-text\">Mariage<\/span><\/a><\/p>\n","protected":false},"author":1,"featured_media":0,"parent":30,"menu_order":0,"comment_status":"closed","ping_status":"closed","template":"","meta":{"neve_meta_sidebar":"","neve_meta_container":"full-width","neve_meta_enable_content_width":"","neve_meta_content_width":0,"neve_meta_title_alignment":"","neve_meta_author_avatar":"","neve_post_elements_order":"","neve_meta_disable_header":"","neve_meta_disable_footer":"","neve_meta_disable_title":"on","footnotes":""},"class_list":["post-135","page","type-page","status-publish","hentry"],"_links":{"self":[{"href":"https:\/\/lesclichesdegermain.com\/index.php\/wp-json\/wp\/v2\/pages\/135"}],"collection":[{"href":"https:\/\/lesclichesdegermain.com\/index.php\/wp-json\/wp\/v2\/pages"}],"about":[{"href":"https:\/\/lesclichesdegermain.com\/index.php\/wp-json\/wp\/v2\/types\/page"}],"author":[{"embeddable":true,"href":"https:\/\/lesclichesdegermain.com\/index.php\/wp-json\/wp\/v2\/users\/1"}],"replies":[{"embeddable":true,"href":"https:\/\/lesclichesdegermain.com\/index.php\/wp-json\/wp\/v2\/comments?post=135"}],"version-history":[{"count":12,"href":"https:\/\/lesclichesdegermain.com\/index.php\/wp-json\/wp\/v2\/pages\/135\/revisions"}],"predecessor-version":[{"id":432,"href":"https:\/\/lesclichesdegermain.com\/index.php\/wp-json\/wp\/v2\/pages\/135\/revisions\/432"}],"up":[{"embeddable":true,"href":"https:\/\/lesclichesdegermain.com\/index.php\/wp-json\/wp\/v2\/pages\/30"}],"wp:attachment":[{"href":"https:\/\/lesclichesdegermain.com\/index.php\/wp-json\/wp\/v2\/media?parent=135"}],"curies":[{"name":"wp","href":"https:\/\/api.w.org\/{rel}","templated":true}]}}