{"id":246,"date":"2024-03-03T17:47:56","date_gmt":"2024-03-03T16:47:56","guid":{"rendered":"https:\/\/lesclichesdegermain.com\/?page_id=246"},"modified":"2024-03-03T18:04:51","modified_gmt":"2024-03-03T17:04:51","slug":"mentions-legales","status":"publish","type":"page","link":"https:\/\/lesclichesdegermain.com\/index.php\/mentions-legales\/","title":{"rendered":"Mentions l\u00e9gales"},"content":{"rendered":"\n<p>Identit\u00e9 de l&#8217;entreprise : Les Clich\u00e9s de Germain &#8211; Germain SOTY, Entrepreneur Individuel <\/p>\n\n\n\n<p>Adresse de l&#8217;\u00e9tablissement : 76 Route du Quart &#8211; 74 130 BRIZON &#8211; FRANCE<\/p>\n\n\n\n<p>Num\u00e9ro de SIRET : 947 720 397 000 19<\/p>\n\n\n\n<p>Contact : lescliches.germain@gmail.com \/ 06.35.44.83.57<\/p>\n\n\n\n<p>Entreprise non soumise \u00e0 la TVA<\/p>\n\n\n\n<p>H\u00e9bergeur du site : <br>OVH SAS, 2 Rue Kellermann &#8211; 59 100 ROUBAIX &#8211; FRANCE<br><\/p>\n\n\n\n<p><br><\/p>\n","protected":false},"excerpt":{"rendered":"<p>Identit\u00e9 de l&#8217;entreprise : Les Clich\u00e9s de Germain &#8211; Germain SOTY, Entrepreneur Individuel Adresse de l&#8217;\u00e9tablissement : 76 Route du Quart &#8211; 74 130 BRIZON &#8211; FRANCE Num\u00e9ro de SIRET : 947 720 397 000 19 Contact : lescliches.germain@gmail.com \/ 06.35.44.83.57 Entreprise non soumise \u00e0 la TVA H\u00e9bergeur du site : OVH SAS, 2 Rue&hellip;&nbsp;<a href=\"https:\/\/lesclichesdegermain.com\/index.php\/mentions-legales\/\" class=\"\" rel=\"bookmark\">Read More &raquo;<span class=\"screen-reader-text\">Mentions l\u00e9gales<\/span><\/a><\/p>\n","protected":false},"author":1,"featured_media":0,"parent":0,"menu_order":0,"comment_status":"closed","ping_status":"closed","template":"","meta":{"neve_meta_sidebar":"left","neve_meta_container":"contained","neve_meta_enable_content_width":"","neve_meta_content_width":70,"neve_meta_title_alignment":"center","neve_meta_author_avatar":"","neve_post_elements_order":"","neve_meta_disable_header":"","neve_meta_disable_footer":"","neve_meta_disable_title":"","footnotes":""},"class_list":["post-246","page","type-page","status-publish","hentry"],"_links":{"self":[{"href":"https:\/\/lesclichesdegermain.com\/index.php\/wp-json\/wp\/v2\/pages\/246"}],"collection":[{"href":"https:\/\/lesclichesdegermain.com\/index.php\/wp-json\/wp\/v2\/pages"}],"about":[{"href":"https:\/\/lesclichesdegermain.com\/index.php\/wp-json\/wp\/v2\/types\/page"}],"author":[{"embeddable":true,"href":"https:\/\/lesclichesdegermain.com\/index.php\/wp-json\/wp\/v2\/users\/1"}],"replies":[{"embeddable":true,"href":"https:\/\/lesclichesdegermain.com\/index.php\/wp-json\/wp\/v2\/comments?post=246"}],"version-history":[{"count":6,"href":"https:\/\/lesclichesdegermain.com\/index.php\/wp-json\/wp\/v2\/pages\/246\/revisions"}],"predecessor-version":[{"id":257,"href":"https:\/\/lesclichesdegermain.com\/index.php\/wp-json\/wp\/v2\/pages\/246\/revisions\/257"}],"wp:attachment":[{"href":"https:\/\/lesclichesdegermain.com\/index.php\/wp-json\/wp\/v2\/media?parent=246"}],"curies":[{"name":"wp","href":"https:\/\/api.w.org\/{rel}","templated":true}]}}