{"id":258,"date":"2024-03-03T18:05:22","date_gmt":"2024-03-03T17:05:22","guid":{"rendered":"https:\/\/lesclichesdegermain.com\/?page_id=258"},"modified":"2024-03-03T18:39:41","modified_gmt":"2024-03-03T17:39:41","slug":"cgv","status":"publish","type":"page","link":"https:\/\/lesclichesdegermain.com\/index.php\/cgv\/","title":{"rendered":"Conditions G\u00e9n\u00e9rales de Ventes"},"content":{"rendered":"\n<ul class=\"wp-block-list\">\n<li><strong>Prestations photographiques de mariage, de portrait et de paysages<\/strong><\/li>\n\n\n\n<li><strong>D\u00e9roulement des prestations : <br><\/strong>Les lieux seront d\u00e9finis lors de la r\u00e9daction du contrat avec les clients.<\/li>\n\n\n\n<li><strong>Tous les tarifs indiqu\u00e9s sont TTC en euros<\/strong><\/li>\n\n\n\n<li><strong>D\u00e9lais de livraison :<br><\/strong>&#8211; Mariages : 75 jours \u00e0 partir de la date du jour de la prestation<br>&#8211; Portraits : 15 jours \u00e0 partir de la date du jour de la prestation<\/li>\n\n\n\n<li><strong>Modalit\u00e9s de r\u00e8glement <\/strong>: ch\u00e8ques \u00e0 l&#8217;ordre du photographe, esp\u00e8ces ou virement sur le compte du photographe.<br>&#8211; Mariages : arrhes de 30% au moment de la signature du contrat. Solde \u00e0 r\u00e9ception des photos.<br>&#8211; Portraits : arrhes de 50% au moment de la signature du contrat. Solde \u00e0 r\u00e9ception des photos.<\/li>\n\n\n\n<li><strong>Conditions de r\u00e9tractation : <br><\/strong>En cas d&#8217;annulation de la commande par les clients, les arrhes ne sont pas restitu\u00e9es. En cas d&#8217;impossibilit\u00e9 majeure par le photographe d&#8217;assurer lui-m\u00eame la prestation convenue, il en informera les clients qui auront un remboursement des arrhes vers\u00e9es.<\/li>\n\n\n\n<li><strong>Propri\u00e9t\u00e9 intellectuelle et droit d&#8217;auteur<br><\/strong><em>Principes<\/em><br>&#8211; L\u2019auteur d\u2019une \u0153uvre jouit d\u2019un droit de propri\u00e9t\u00e9 exclusif d\u00e8s sa cr\u00e9ation (article L.111-1 et L.123-1 du code de la propri\u00e9t\u00e9 intellectuelle).<br>&#8211; Le droit moral permet \u00e0 l\u2019auteur de jouir du droit au respect de son nom, de sa qualit\u00e9 et de son \u0153uvre (article L.121-1). Il s\u2019agit d\u2019un droit illimit\u00e9, inali\u00e9nable et perp\u00e9tuel.<br>&#8211; Le droit au respect de l\u2019\u0153uvre prot\u00e8ge l\u2019int\u00e9gralit\u00e9 de l\u2019\u0153uvre qui ne doit \u00eatre ni modifi\u00e9e, ni d\u00e9natur\u00e9e. Toute reproduction d\u2019image est ill\u00e9gale. Le droit patrimonial permet \u00e0 l&#8217;auteur d\u2019obtenir une r\u00e9mun\u00e9ration pour l\u2019exploitation de son \u0153uvre et de d\u00e9cider de quelle fa\u00e7on elle sera <br>exploit\u00e9e.<br><br><em>Application<\/em><br>&#8211; Les photos sont la propri\u00e9t\u00e9 du Photographe.<br>&#8211; Les images fournies aux Clients ne peuvent \u00eatre utilis\u00e9es que dans un cadre familial, \u00e0 titre strictement personnel et priv\u00e9.<br>&#8211; Cependant, le Photographe autorise les Clients \u00e0 reproduire et diffuser ses images sur les r\u00e9seaux sociaux, blog personnel, site ou support d&#8217;information locale ou g\u00e9n\u00e9rale d\u00e8s lors que les Clients :<br>     &#8211; mentionnent le nom du Photographe, sous une forme ou sous une autre (ex. : \u00a9 Les Clich\u00e9s de Germain ou \u00ab Photographe\u00a0: Germain SOTY \u00bb). Cette mention doit figurer au regard de chaque photo dans des conditions permettant, sans ambigu\u00eft\u00e9 ni confusion, l\u2019identification de l\u2019auteur de la photographie (pour un ensemble de photos, un \u00ab cr\u00e9dit photo \u00bb peut suffire).<br>     &#8211; s&#8217;engagent \u00e0 ne pas modifier les images (couleurs, contrastes, recadrage, etc.), pour quelque raison que ce soit.<br>&#8211; Si les clients souhaitent d\u00e9passer ces cadres, ils devront adresser une demande en ce sens au Photographe en \u00e9tant tr\u00e8s pr\u00e9cis sur les conditions de cette utilisation (\u00e9tendue de leur exploitation, destination par exemple, supports, dur\u00e9e, etc.). Il pourra \u00eatre demand\u00e9 une compensation financi\u00e8re en rapport avec l\u2019usage des images sur lesquelles portent cette demande. Les clients s\u2019engagent \u00e0 respecter scrupuleusement l\u2019utilisation d\u00e9clar\u00e9e. Toute autre utilisation, r\u00e9utilisation, extension d\u2019utilisation devra faire l\u2019objet, pour \u00eatre licite, d\u2019une nouvelle demande d\u2019autorisation pr\u00e9alable et du paiement de nouveaux droits.<\/li>\n\n\n\n<li><strong>Conservation des photos : <br><\/strong>Les photos sont conserv\u00e9es par le photographe pour une dur\u00e9e minimale d&#8217;un an. Les clients peuvent redemander les photos 1 fois gratuitement au photographe en cas de perte.<\/li>\n<\/ul>\n","protected":false},"excerpt":{"rendered":"","protected":false},"author":1,"featured_media":0,"parent":0,"menu_order":0,"comment_status":"closed","ping_status":"closed","template":"","meta":{"neve_meta_sidebar":"","neve_meta_container":"contained","neve_meta_enable_content_width":"","neve_meta_content_width":0,"neve_meta_title_alignment":"center","neve_meta_author_avatar":"","neve_post_elements_order":"","neve_meta_disable_header":"","neve_meta_disable_footer":"","neve_meta_disable_title":"","footnotes":""},"class_list":["post-258","page","type-page","status-publish","hentry"],"_links":{"self":[{"href":"https:\/\/lesclichesdegermain.com\/index.php\/wp-json\/wp\/v2\/pages\/258"}],"collection":[{"href":"https:\/\/lesclichesdegermain.com\/index.php\/wp-json\/wp\/v2\/pages"}],"about":[{"href":"https:\/\/lesclichesdegermain.com\/index.php\/wp-json\/wp\/v2\/types\/page"}],"author":[{"embeddable":true,"href":"https:\/\/lesclichesdegermain.com\/index.php\/wp-json\/wp\/v2\/users\/1"}],"replies":[{"embeddable":true,"href":"https:\/\/lesclichesdegermain.com\/index.php\/wp-json\/wp\/v2\/comments?post=258"}],"version-history":[{"count":8,"href":"https:\/\/lesclichesdegermain.com\/index.php\/wp-json\/wp\/v2\/pages\/258\/revisions"}],"predecessor-version":[{"id":273,"href":"https:\/\/lesclichesdegermain.com\/index.php\/wp-json\/wp\/v2\/pages\/258\/revisions\/273"}],"wp:attachment":[{"href":"https:\/\/lesclichesdegermain.com\/index.php\/wp-json\/wp\/v2\/media?parent=258"}],"curies":[{"name":"wp","href":"https:\/\/api.w.org\/{rel}","templated":true}]}}