{"id":30,"date":"2023-08-12T16:01:21","date_gmt":"2023-08-12T14:01:21","guid":{"rendered":"http:\/\/lesclichesdegermain.com\/?page_id=30"},"modified":"2024-03-10T17:18:04","modified_gmt":"2024-03-10T16:18:04","slug":"prestation","status":"publish","type":"page","link":"https:\/\/lesclichesdegermain.com\/index.php\/prestation\/","title":{"rendered":"Prestation"},"content":{"rendered":"\n<div class=\"wp-block-cover is-light has-parallax\" style=\"min-height:700px;aspect-ratio:unset;\"><span aria-hidden=\"true\" class=\"wp-block-cover__background has-background-dim\"><\/span><div role=\"img\" class=\"wp-block-cover__image-background wp-image-110 has-parallax\" style=\"background-position:50% 50%;background-image:url(https:\/\/lesclichesdegermain.com\/wp-content\/uploads\/2023\/08\/DSC_6181.jpg)\"><\/div><div class=\"wp-block-cover__inner-container is-layout-constrained wp-block-cover-is-layout-constrained\">\n<p class=\"has-text-align-center has-nv-site-bg-color has-text-color\" style=\"font-size:100px\">Prestations<\/p>\n<\/div><\/div>\n\n\n\n<div style=\"height:29px\" aria-hidden=\"true\" class=\"wp-block-spacer\"><\/div>\n\n\n\n<p class=\"has-text-align-center has-large-font-size\">Je suis sp\u00e9cialis\u00e9 dans la photographie de mariage et de portrait\u00a0:<\/p>\n\n\n\n<ul class=\"wp-block-list\">\n<li class=\"has-medium-font-size\"><strong>Mariage :<\/strong>&nbsp;Pour \u00e9terniser ces moments \u00e9ph\u00e9m\u00e8res et magiques, je r\u00e9alise le reportage complet ou partiel de votre mariage.<\/li>\n\n\n\n<li class=\"has-medium-font-size\"><strong _istranslated=\"1\">Portrait: <\/strong>Photos de famille ou de vous tout simplement. Vous voir au travers d\u2019un autre regard.<\/li>\n<\/ul>\n\n\n\n<p><font _mstmutation=\"1\"><\/font><\/p>\n\n\n\n<div class=\"wp-block-columns is-layout-flex wp-container-core-columns-is-layout-1 wp-block-columns-is-layout-flex\">\n<div class=\"wp-block-column is-layout-flow wp-block-column-is-layout-flow\">\n<figure class=\"wp-block-image size-large\"><img loading=\"lazy\" decoding=\"async\" width=\"1024\" height=\"683\" src=\"https:\/\/lesclichesdegermain.com\/wp-content\/uploads\/2024\/03\/DSC_6806-2-1024x683.jpg\" alt=\"\" class=\"wp-image-372\" srcset=\"https:\/\/lesclichesdegermain.com\/wp-content\/uploads\/2024\/03\/DSC_6806-2-1024x683.jpg 1024w, https:\/\/lesclichesdegermain.com\/wp-content\/uploads\/2024\/03\/DSC_6806-2-300x200.jpg 300w, https:\/\/lesclichesdegermain.com\/wp-content\/uploads\/2024\/03\/DSC_6806-2-768x513.jpg 768w, https:\/\/lesclichesdegermain.com\/wp-content\/uploads\/2024\/03\/DSC_6806-2-1536x1025.jpg 1536w, https:\/\/lesclichesdegermain.com\/wp-content\/uploads\/2024\/03\/DSC_6806-2-2048x1367.jpg 2048w, https:\/\/lesclichesdegermain.com\/wp-content\/uploads\/2024\/03\/DSC_6806-2-930x620.jpg 930w\" sizes=\"(max-width: 1024px) 100vw, 1024px\" \/><\/figure>\n\n\n\n<h3 class=\"wp-block-heading has-text-align-center\">Mariage<\/h3>\n\n\n\n<div class=\"wp-block-buttons is-layout-flex wp-block-buttons-is-layout-flex\">\n<div class=\"wp-block-button is-style-primary\"><a class=\"wp-block-button__link wp-element-button\" href=\"https:\/\/lesclichesdegermain.com\/index.php\/prestation\/mariage\/\">D\u00e9couvrir les prestations<\/a><\/div>\n<\/div>\n\n\n\n<div style=\"height:30px\" aria-hidden=\"true\" class=\"wp-block-spacer\"><\/div>\n<\/div>\n\n\n\n<div class=\"wp-block-column is-layout-flow wp-block-column-is-layout-flow\">\n<figure class=\"wp-block-image size-large\"><img loading=\"lazy\" decoding=\"async\" width=\"1024\" height=\"678\" src=\"https:\/\/lesclichesdegermain.com\/wp-content\/uploads\/2024\/03\/Maud-Jeremy-3-1024x678.jpg\" alt=\"\" class=\"wp-image-374\" srcset=\"https:\/\/lesclichesdegermain.com\/wp-content\/uploads\/2024\/03\/Maud-Jeremy-3-1024x678.jpg 1024w, https:\/\/lesclichesdegermain.com\/wp-content\/uploads\/2024\/03\/Maud-Jeremy-3-300x199.jpg 300w, https:\/\/lesclichesdegermain.com\/wp-content\/uploads\/2024\/03\/Maud-Jeremy-3-768x509.jpg 768w, https:\/\/lesclichesdegermain.com\/wp-content\/uploads\/2024\/03\/Maud-Jeremy-3-1536x1017.jpg 1536w, https:\/\/lesclichesdegermain.com\/wp-content\/uploads\/2024\/03\/Maud-Jeremy-3-2048x1356.jpg 2048w\" sizes=\"(max-width: 1024px) 100vw, 1024px\" \/><\/figure>\n\n\n\n<h3 class=\"wp-block-heading has-text-align-center\">Portrait<\/h3>\n\n\n\n<div class=\"wp-block-buttons is-layout-flex wp-block-buttons-is-layout-flex\">\n<div class=\"wp-block-button is-style-primary\"><a class=\"wp-block-button__link wp-element-button\" href=\"https:\/\/lesclichesdegermain.com\/index.php\/prestation\/portrait\/\">D\u00e9couvrir les prestations<\/a><\/div>\n<\/div>\n\n\n\n<div style=\"height:30px\" aria-hidden=\"true\" class=\"wp-block-spacer\"><\/div>\n<\/div>\n<\/div>\n","protected":false},"excerpt":{"rendered":"<p>Je suis sp\u00e9cialis\u00e9 dans la photographie de mariage et de portrait\u00a0: Mariage Portrait<\/p>\n","protected":false},"author":1,"featured_media":0,"parent":0,"menu_order":0,"comment_status":"closed","ping_status":"closed","template":"","meta":{"neve_meta_sidebar":"","neve_meta_container":"full-width","neve_meta_enable_content_width":"","neve_meta_content_width":0,"neve_meta_title_alignment":"center","neve_meta_author_avatar":"","neve_post_elements_order":"","neve_meta_disable_header":"","neve_meta_disable_footer":"","neve_meta_disable_title":"on","footnotes":""},"class_list":["post-30","page","type-page","status-publish","hentry"],"_links":{"self":[{"href":"https:\/\/lesclichesdegermain.com\/index.php\/wp-json\/wp\/v2\/pages\/30"}],"collection":[{"href":"https:\/\/lesclichesdegermain.com\/index.php\/wp-json\/wp\/v2\/pages"}],"about":[{"href":"https:\/\/lesclichesdegermain.com\/index.php\/wp-json\/wp\/v2\/types\/page"}],"author":[{"embeddable":true,"href":"https:\/\/lesclichesdegermain.com\/index.php\/wp-json\/wp\/v2\/users\/1"}],"replies":[{"embeddable":true,"href":"https:\/\/lesclichesdegermain.com\/index.php\/wp-json\/wp\/v2\/comments?post=30"}],"version-history":[{"count":11,"href":"https:\/\/lesclichesdegermain.com\/index.php\/wp-json\/wp\/v2\/pages\/30\/revisions"}],"predecessor-version":[{"id":429,"href":"https:\/\/lesclichesdegermain.com\/index.php\/wp-json\/wp\/v2\/pages\/30\/revisions\/429"}],"wp:attachment":[{"href":"https:\/\/lesclichesdegermain.com\/index.php\/wp-json\/wp\/v2\/media?parent=30"}],"curies":[{"name":"wp","href":"https:\/\/api.w.org\/{rel}","templated":true}]}}