{"id":7,"date":"2023-08-12T15:58:14","date_gmt":"2023-08-12T13:58:14","guid":{"rendered":"http:\/\/lesclichesdegermain.com\/?page_id=7"},"modified":"2024-03-15T15:37:57","modified_gmt":"2024-03-15T14:37:57","slug":"a-propos","status":"publish","type":"page","link":"https:\/\/lesclichesdegermain.com\/index.php\/a-propos\/","title":{"rendered":"Pr\u00e9sentation"},"content":{"rendered":"\n<p><\/p>\n\n\n\n<div class=\"wp-block-cover is-light has-parallax\" style=\"min-height:700px;aspect-ratio:unset;\"><span aria-hidden=\"true\" class=\"wp-block-cover__background has-background-dim\"><\/span><div role=\"img\" class=\"wp-block-cover__image-background wp-image-231 has-parallax\" style=\"background-position:50% 50%;background-image:url(https:\/\/lesclichesdegermain.com\/wp-content\/uploads\/2023\/08\/IMG-20230829-WA0002.jpg)\"><\/div><div class=\"wp-block-cover__inner-container is-layout-constrained wp-block-cover-is-layout-constrained\">\n<p class=\"has-text-align-center\" style=\"font-size:100px\">Pr\u00e9sentation<\/p>\n<\/div><\/div>\n\n\n\n<div style=\"height:30px\" aria-hidden=\"true\" class=\"wp-block-spacer\"><\/div>\n\n\n\n<div class=\"wp-block-media-text alignfull is-stacked-on-mobile is-vertically-aligned-center\"><figure class=\"wp-block-media-text__media\"><img loading=\"lazy\" decoding=\"async\" width=\"768\" height=\"1024\" src=\"https:\/\/lesclichesdegermain.com\/wp-content\/uploads\/2023\/08\/IMG-20230814-WA0010-768x1024.jpg\" alt=\"\" class=\"wp-image-106 size-full\" srcset=\"https:\/\/lesclichesdegermain.com\/wp-content\/uploads\/2023\/08\/IMG-20230814-WA0010-768x1024.jpg 768w, https:\/\/lesclichesdegermain.com\/wp-content\/uploads\/2023\/08\/IMG-20230814-WA0010-225x300.jpg 225w, https:\/\/lesclichesdegermain.com\/wp-content\/uploads\/2023\/08\/IMG-20230814-WA0010-1152x1536.jpg 1152w, https:\/\/lesclichesdegermain.com\/wp-content\/uploads\/2023\/08\/IMG-20230814-WA0010.jpg 1200w\" sizes=\"(max-width: 768px) 100vw, 768px\" \/><\/figure><div class=\"wp-block-media-text__content\">\n<h1 class=\"wp-block-heading has-text-align-center\">Pr\u00e9sentation<\/h1>\n\n\n\n<p class=\"has-text-align-center\">J&#8217;ai d\u00e9couvert ma passion pour&nbsp;la photographie lors de mon premier voyage en Nouvelle-Z\u00e9lande en 2016 avec l&#8217;achat de mon premier boitier. De retour en France, je ne m&#8217;en suis plus pass\u00e9 multipliant les sorties en pleine nature. Habitant en montagne, j&#8217;ai tr\u00e8s rapidement pris go\u00fbt \u00e0 la vie nocturne et ses clich\u00e9s sensationnels; mettre en valeur ce que peu de personnes ne per\u00e7oivent.&nbsp;<br><br>En 2020, ce sont les instants sportifs, toujours en pleine nature et sur le m\u00eame terrain de jeu, qui m&#8217;ont anim\u00e9 et fait vibrer.&nbsp;La rencontre avec ma compagne et son accompagnement dans&nbsp;sa passion pour les chevaux n&#8217;a fait qu&#8217;accroitre cette envie de fixer l&#8217;instant.<br><br>En 2021, le mariage d&#8217;une amie fut une v\u00e9ritable r\u00e9v\u00e9lation. Immortaliser des moments uniques en images, permettre de revivre une journ\u00e9e gr\u00e2ce \u00e0 la photo sont devenus des \u00e9vidences. J&#8217;ai alors commenc\u00e9 \u00e0 faire de plus en plus de s\u00e9ances photos.&nbsp;<br><br>J&#8217;ai alors r\u00e9alis\u00e9 une formation&nbsp;shootings&nbsp;et retouches et suis d\u00e9sormais \u00e0 m\u00eame de vous propos\u00e9 plusieurs types de prestations.<br><br>Je me suis alors sp\u00e9cialis\u00e9 dans la photographie de mariage et de portrait:<\/p>\n\n\n\n<ul class=\"wp-block-list\">\n<li><strong>Mariage :<\/strong>&nbsp;Pour \u00e9terniser ces moments \u00e9ph\u00e9m\u00e8res et magiques, je r\u00e9alise le reportage complet ou partiel de votre mariage.<\/li>\n\n\n\n<li><strong>Portrait :&nbsp;<\/strong>Photos de famille ou de vous tout simplement. Vous voir au travers d&#8217;un autre regard.<\/li>\n<\/ul>\n\n\n\n<p class=\"has-text-align-center\">Je r\u00e9alise \u00e9galement d&#8217;autres prestation comme la photo sportive:<\/p>\n\n\n\n<ul class=\"wp-block-list\">\n<li><strong>Sport :<\/strong>&nbsp;La photographie de sport demande de la spontan\u00e9it\u00e9. Saisir le bon moment pour retranscrire la beaut\u00e9 du geste accompli.<\/li>\n<\/ul>\n\n\n\n<p class=\"has-text-align-center\">Je continuerai&nbsp;bien \u00e9videmment \u00e0 r\u00e9alis\u00e9 des clich\u00e9s en pleine nature.<\/p>\n\n\n\n<blockquote class=\"wp-block-quote is-layout-flow wp-block-quote-is-layout-flow\">\n<p class=\"has-text-align-center\">&#8220;La Photographie est l&#8217;art de montrer de combien d&#8217;instants \u00e9ph\u00e9m\u00e8res la vie est faite.&#8221; &#8211; Marcel PROUST<\/p>\n<\/blockquote>\n<\/div><\/div>\n\n\n\n<div style=\"height:30px\" aria-hidden=\"true\" class=\"wp-block-spacer\"><\/div>\n","protected":false},"excerpt":{"rendered":"","protected":false},"author":1,"featured_media":0,"parent":0,"menu_order":0,"comment_status":"closed","ping_status":"closed","template":"","meta":{"neve_meta_sidebar":"","neve_meta_container":"full-width","neve_meta_enable_content_width":"on","neve_meta_content_width":100,"neve_meta_title_alignment":"center","neve_meta_author_avatar":"","neve_post_elements_order":"","neve_meta_disable_header":"","neve_meta_disable_footer":"","neve_meta_disable_title":"on","footnotes":""},"class_list":["post-7","page","type-page","status-publish","hentry"],"_links":{"self":[{"href":"https:\/\/lesclichesdegermain.com\/index.php\/wp-json\/wp\/v2\/pages\/7"}],"collection":[{"href":"https:\/\/lesclichesdegermain.com\/index.php\/wp-json\/wp\/v2\/pages"}],"about":[{"href":"https:\/\/lesclichesdegermain.com\/index.php\/wp-json\/wp\/v2\/types\/page"}],"author":[{"embeddable":true,"href":"https:\/\/lesclichesdegermain.com\/index.php\/wp-json\/wp\/v2\/users\/1"}],"replies":[{"embeddable":true,"href":"https:\/\/lesclichesdegermain.com\/index.php\/wp-json\/wp\/v2\/comments?post=7"}],"version-history":[{"count":8,"href":"https:\/\/lesclichesdegermain.com\/index.php\/wp-json\/wp\/v2\/pages\/7\/revisions"}],"predecessor-version":[{"id":445,"href":"https:\/\/lesclichesdegermain.com\/index.php\/wp-json\/wp\/v2\/pages\/7\/revisions\/445"}],"wp:attachment":[{"href":"https:\/\/lesclichesdegermain.com\/index.php\/wp-json\/wp\/v2\/media?parent=7"}],"curies":[{"name":"wp","href":"https:\/\/api.w.org\/{rel}","templated":true}]}}